{"id":6,"date":"2016-04-27T05:12:23","date_gmt":"2016-04-27T05:12:23","guid":{"rendered":"http:\/\/tinusz.hu\/?page_id=6"},"modified":"2018-04-01T08:34:45","modified_gmt":"2018-04-01T08:34:45","slug":"energetikai-tanusitvany-keszitese","status":"publish","type":"page","link":"https:\/\/www.tinusz.hu\/?page_id=6","title":{"rendered":"Energetikai tan\u00fas\u00edtv\u00e1ny k\u00e9sz\u00edt\u00e9se"},"content":{"rendered":"<p><strong>M\u0171k\u00f6d\u00e9si ter\u00fclet:<\/strong><br \/>\nBudapest (els\u0151sorban I., II., III., IV., XIII., XIV., XV. \u00a0ker\u00fclet)<br \/>\nDunakeszi, Szentendre, V\u00e1c, Budakal\u00e1sz, Pom\u00e1z, G\u00f6d, F\u00f3t,<br \/>\n\u00e9s m\u00e1s k\u00f6zeli telep\u00fcl\u00e9sek<\/p>\n<p><em><strong>Tinusz Tam\u00e1s<\/strong><\/em><br \/>\nokleveles g\u00e9p\u00e9szm\u00e9rn\u00f6k<br \/>\nl\u00e9tes\u00edtm\u00e9ny energetikai szakm\u00e9rn\u00f6k<\/p>\n<p>jogosults\u00e1g:<br \/>\n&#8211; <strong>T\u00c9<\/strong> &#8211;\u00a0\u00c9p\u00fcletek energetikai tan\u00fas\u00edt\u00e1sa<br \/>\n&#8211;\u00a0<strong>SZ\u00c9S6<\/strong>\u00a0&#8211; \u00c9p\u00fcletenergetikai szak\u00e9rt\u00e9s<\/p>\n<p>el\u00e9rhet\u0151s\u00e9g:<br \/>\ntamas@tinusz.hu<br \/>\n20\/422-7400<\/p>\n<p>Energetika p\u00e1ly\u00e1zatok k\u00e9sz\u00edt\u00e9se:<br \/>\n&#8211; Otthon melege p\u00e1ly\u00e1zat<br \/>\n&#8211; Bor\u00e1szat term\u00e9kfejleszt\u00e9s\u00e9nek \u00e9s er\u0151forr\u00e1s-hat\u00e9konys\u00e1g\u00e1nak t\u00e1mogat\u00e1sa (VP3-4.2.2-16)<br \/>\n&#8211; VEKOP stb.,\u00a0 energetikai p\u00e1ly\u00e1zatok<\/p>\n<p>keressen bizalommal, k\u00f6sz\u00f6n\u00f6m!<\/p>\n<p>(1)<\/p>\n<p>&nbsp;<\/p>\n<p>&nbsp;<\/p>\n<p>&nbsp;<\/p>\n","protected":false},"excerpt":{"rendered":"<p>M\u0171k\u00f6d\u00e9si ter\u00fclet: Budapest (els\u0151sorban I., II., III., IV., XIII., XIV., XV. \u00a0ker\u00fclet) Dunakeszi, Szentendre, V\u00e1c, Budakal\u00e1sz, Pom\u00e1z, G\u00f6d, F\u00f3t, \u00e9s m\u00e1s k\u00f6zeli telep\u00fcl\u00e9sek Tinusz Tam\u00e1s okleveles g\u00e9p\u00e9szm\u00e9rn\u00f6k l\u00e9tes\u00edtm\u00e9ny energetikai szakm\u00e9rn\u00f6k jogosults\u00e1g: &#8211; T\u00c9 &#8211;\u00a0\u00c9p\u00fcletek energetikai tan\u00fas\u00edt\u00e1sa &#8211;\u00a0SZ\u00c9S6\u00a0&#8211; \u00c9p\u00fcletenergetikai szak\u00e9rt\u00e9s el\u00e9rhet\u0151s\u00e9g: tamas@tinusz.hu 20\/422-7400 Energetika p\u00e1ly\u00e1zatok k\u00e9sz\u00edt\u00e9se: &#8211; Otthon melege p\u00e1ly\u00e1zat &#8211; Bor\u00e1szat term\u00e9kfejleszt\u00e9s\u00e9nek \u00e9s er\u0151forr\u00e1s-hat\u00e9konys\u00e1g\u00e1nak t\u00e1mogat\u00e1sa &hellip; <a href=\"https:\/\/www.tinusz.hu\/?page_id=6\" class=\"more-link\">Continue reading <span class=\"screen-reader-text\">Energetikai tan\u00fas\u00edtv\u00e1ny k\u00e9sz\u00edt\u00e9se<\/span> <span class=\"meta-nav\">&rarr;<\/span><\/a><\/p>\n","protected":false},"author":1,"featured_media":0,"parent":0,"menu_order":0,"comment_status":"closed","ping_status":"open","template":"","meta":{"footnotes":""},"class_list":["post-6","page","type-page","status-publish","hentry"],"_links":{"self":[{"href":"https:\/\/www.tinusz.hu\/index.php?rest_route=\/wp\/v2\/pages\/6","targetHints":{"allow":["GET"]}}],"collection":[{"href":"https:\/\/www.tinusz.hu\/index.php?rest_route=\/wp\/v2\/pages"}],"about":[{"href":"https:\/\/www.tinusz.hu\/index.php?rest_route=\/wp\/v2\/types\/page"}],"author":[{"embeddable":true,"href":"https:\/\/www.tinusz.hu\/index.php?rest_route=\/wp\/v2\/users\/1"}],"replies":[{"embeddable":true,"href":"https:\/\/www.tinusz.hu\/index.php?rest_route=%2Fwp%2Fv2%2Fcomments&post=6"}],"version-history":[{"count":7,"href":"https:\/\/www.tinusz.hu\/index.php?rest_route=\/wp\/v2\/pages\/6\/revisions"}],"predecessor-version":[{"id":26,"href":"https:\/\/www.tinusz.hu\/index.php?rest_route=\/wp\/v2\/pages\/6\/revisions\/26"}],"wp:attachment":[{"href":"https:\/\/www.tinusz.hu\/index.php?rest_route=%2Fwp%2Fv2%2Fmedia&parent=6"}],"curies":[{"name":"wp","href":"https:\/\/api.w.org\/{rel}","templated":true}]}}